
{"id":23,"date":"2023-05-15T01:59:36","date_gmt":"2023-05-15T01:59:36","guid":{"rendered":"https:\/\/themeholy.com\/wordpress\/malen\/?page_id=23"},"modified":"2023-09-25T21:45:01","modified_gmt":"2023-09-25T21:45:01","slug":"services","status":"publish","type":"page","link":"https:\/\/polikalip.com.tr\/?page_id=23","title":{"rendered":"Misyon ve Vizyon"},"content":{"rendered":"\t\t<div data-elementor-type=\"wp-page\" data-elementor-id=\"23\" class=\"elementor elementor-23\">\n\t\t\t\t\t\t\t<div class=\"elementor-element elementor-element-5c048f8 e-flex e-con-boxed e-con e-parent\" data-id=\"5c048f8\" data-element_type=\"container\" data-settings=\"{&quot;content_width&quot;:&quot;boxed&quot;}\" data-core-v316-plus=\"true\">\n\t\t\t\t\t<div class=\"e-con-inner\">\n\t\t\t\t<div class=\"elementor-element elementor-element-979920b elementor-widget__width-initial elementor-widget elementor-widget-image\" data-id=\"979920b\" data-element_type=\"widget\" data-widget_type=\"image.default\">\n\t\t\t\t<div class=\"elementor-widget-container\">\n\t\t\t<style>\/*! elementor - v3.16.0 - 20-09-2023 *\/\n.elementor-widget-image{text-align:center}.elementor-widget-image a{display:inline-block}.elementor-widget-image a img[src$=\".svg\"]{width:48px}.elementor-widget-image img{vertical-align:middle;display:inline-block}<\/style>\t\t\t\t\t\t\t\t\t\t\t\t<img loading=\"lazy\" decoding=\"async\" width=\"751\" height=\"1525\" src=\"https:\/\/polikalip.com.tr\/wp-content\/uploads\/2023\/09\/misyonvizyon-768x1560.jpg\" class=\"attachment-medium_large size-medium_large wp-image-2045\" alt=\"\" srcset=\"https:\/\/polikalip.com.tr\/wp-content\/uploads\/2023\/09\/misyonvizyon-768x1560.jpg 768w, https:\/\/polikalip.com.tr\/wp-content\/uploads\/2023\/09\/misyonvizyon-148x300.jpg 148w, https:\/\/polikalip.com.tr\/wp-content\/uploads\/2023\/09\/misyonvizyon-504x1024.jpg 504w, https:\/\/polikalip.com.tr\/wp-content\/uploads\/2023\/09\/misyonvizyon-756x1536.jpg 756w, https:\/\/polikalip.com.tr\/wp-content\/uploads\/2023\/09\/misyonvizyon-1008x2048.jpg 1008w, https:\/\/polikalip.com.tr\/wp-content\/uploads\/2023\/09\/misyonvizyon-600x1219.jpg 600w, https:\/\/polikalip.com.tr\/wp-content\/uploads\/2023\/09\/misyonvizyon.jpg 1069w\" sizes=\"auto, (max-width: 751px) 100vw, 751px\" \/>\t\t\t\t\t\t\t\t\t\t\t\t\t\t\t<\/div>\n\t\t\t\t<\/div>\n\t\t<div class=\"elementor-element elementor-element-4aebfa6 e-con-full e-flex e-con e-child\" data-id=\"4aebfa6\" data-element_type=\"container\" data-settings=\"{&quot;content_width&quot;:&quot;full&quot;}\">\n\t\t\t\t<div class=\"elementor-element elementor-element-2dca8dc elementor-widget elementor-widget-text-editor\" data-id=\"2dca8dc\" data-element_type=\"widget\" data-widget_type=\"text-editor.default\">\n\t\t\t\t<div class=\"elementor-widget-container\">\n\t\t\t<style>\/*! elementor - v3.16.0 - 20-09-2023 *\/\n.elementor-widget-text-editor.elementor-drop-cap-view-stacked .elementor-drop-cap{background-color:#69727d;color:#fff}.elementor-widget-text-editor.elementor-drop-cap-view-framed .elementor-drop-cap{color:#69727d;border:3px solid;background-color:transparent}.elementor-widget-text-editor:not(.elementor-drop-cap-view-default) .elementor-drop-cap{margin-top:8px}.elementor-widget-text-editor:not(.elementor-drop-cap-view-default) .elementor-drop-cap-letter{width:1em;height:1em}.elementor-widget-text-editor .elementor-drop-cap{float:left;text-align:center;line-height:1;font-size:50px}.elementor-widget-text-editor .elementor-drop-cap-letter{display:inline-block}<\/style>\t\t\t\t<h3 style=\"font-family: var(--title-font);\">Misyon<\/h3><p style=\"font-family: var(--body-font); font-size: 16px; font-weight: 400;\">M\u00fc\u015fterilerimize en \u00fcst d\u00fczeyde kaliteli polikal\u0131p \u00fcr\u00fcnleri sunarak, onlar\u0131n gereksinimlerini kar\u015f\u0131lamak ve i\u015flerini daha verimli hale getirmelerine yard\u0131mc\u0131 olmak i\u00e7in buraday\u0131z. \u0130novasyon, kalite ve m\u00fc\u015fteri memnuniyetini temel de\u011ferlerimiz olarak benimseyerek, polikal\u0131p sekt\u00f6r\u00fcnde \u00f6nc\u00fc olmay\u0131 hedefliyoruz<\/p>\t\t\t\t\t\t<\/div>\n\t\t\t\t<\/div>\n\t\t\t\t<div class=\"elementor-element elementor-element-07c832c elementor-widget elementor-widget-text-editor\" data-id=\"07c832c\" data-element_type=\"widget\" data-widget_type=\"text-editor.default\">\n\t\t\t\t<div class=\"elementor-widget-container\">\n\t\t\t\t\t\t\t<h3>Vizyon<\/h3><p>Polikal\u0131p end\u00fcstrisinde \u00f6nc\u00fc bir firma olarak, s\u00fcrekli b\u00fcy\u00fcme ve geli\u015fme sa\u011flamay\u0131 hedefliyoruz. M\u00fc\u015fterilerimize s\u00fcrekli olarak yenilik\u00e7i ve s\u00fcrd\u00fcr\u00fclebilir \u00e7\u00f6z\u00fcmler sunarak, global bir oyuncu olmay\u0131 ama\u00e7l\u0131yoruz. \u00c7al\u0131\u015fanlar\u0131m\u0131z\u0131n yeteneklerini geli\u015ftirmelerine ve i\u015flerine duyduklar\u0131 tutkuyu s\u00fcrd\u00fcrmelerine yard\u0131mc\u0131 olarak, \u015firketimizi daha da ileriye ta\u015f\u0131may\u0131 ama\u00e7l\u0131yoruz<\/p>\t\t\t\t\t\t<\/div>\n\t\t\t\t<\/div>\n\t\t\t\t<\/div>\n\t\t\t\t\t<\/div>\n\t\t\t\t<\/div>\n\t\t\t\t\t\t\t<\/div>\n\t\t","protected":false},"excerpt":{"rendered":"<p>Misyon M\u00fc\u015fterilerimize en \u00fcst d\u00fczeyde kaliteli polikal\u0131p \u00fcr\u00fcnleri sunarak, onlar\u0131n gereksinimlerini kar\u015f\u0131lamak ve i\u015flerini daha verimli hale getirmelerine yard\u0131mc\u0131 olmak i\u00e7in buraday\u0131z. \u0130novasyon, kalite ve m\u00fc\u015fteri memnuniyetini temel de\u011ferlerimiz olarak benimseyerek, polikal\u0131p sekt\u00f6r\u00fcnde \u00f6nc\u00fc olmay\u0131 hedefliyoruz Vizyon Polikal\u0131p end\u00fcstrisinde \u00f6nc\u00fc bir firma olarak, s\u00fcrekli b\u00fcy\u00fcme ve geli\u015fme sa\u011flamay\u0131 hedefliyoruz. M\u00fc\u015fterilerimize s\u00fcrekli olarak yenilik\u00e7i ve s\u00fcrd\u00fcr\u00fclebilir&#8230;<\/p>\n","protected":false},"author":1,"featured_media":0,"parent":0,"menu_order":0,"comment_status":"closed","ping_status":"closed","template":"template-builder.php","meta":{"_monsterinsights_skip_tracking":false,"_monsterinsights_sitenote_active":false,"_monsterinsights_sitenote_note":"","_monsterinsights_sitenote_category":0,"footnotes":""},"class_list":["post-23","page","type-page","status-publish","hentry"],"aioseo_notices":[],"_links":{"self":[{"href":"https:\/\/polikalip.com.tr\/index.php?rest_route=\/wp\/v2\/pages\/23","targetHints":{"allow":["GET"]}}],"collection":[{"href":"https:\/\/polikalip.com.tr\/index.php?rest_route=\/wp\/v2\/pages"}],"about":[{"href":"https:\/\/polikalip.com.tr\/index.php?rest_route=\/wp\/v2\/types\/page"}],"author":[{"embeddable":true,"href":"https:\/\/polikalip.com.tr\/index.php?rest_route=\/wp\/v2\/users\/1"}],"replies":[{"embeddable":true,"href":"https:\/\/polikalip.com.tr\/index.php?rest_route=%2Fwp%2Fv2%2Fcomments&post=23"}],"version-history":[{"count":16,"href":"https:\/\/polikalip.com.tr\/index.php?rest_route=\/wp\/v2\/pages\/23\/revisions"}],"predecessor-version":[{"id":2254,"href":"https:\/\/polikalip.com.tr\/index.php?rest_route=\/wp\/v2\/pages\/23\/revisions\/2254"}],"wp:attachment":[{"href":"https:\/\/polikalip.com.tr\/index.php?rest_route=%2Fwp%2Fv2%2Fmedia&parent=23"}],"curies":[{"name":"wp","href":"https:\/\/api.w.org\/{rel}","templated":true}]}}