
{"id":28,"date":"2023-05-15T02:00:44","date_gmt":"2023-05-15T02:00:44","guid":{"rendered":"https:\/\/themeholy.com\/wordpress\/malen\/?page_id=28"},"modified":"2023-09-25T21:49:40","modified_gmt":"2023-09-25T21:49:40","slug":"contact","status":"publish","type":"page","link":"https:\/\/polikalip.com.tr\/?page_id=28","title":{"rendered":"\u0130leti\u015fim"},"content":{"rendered":"\t\t<div data-elementor-type=\"wp-page\" data-elementor-id=\"28\" class=\"elementor elementor-28\">\n\t\t\t\t\t\t\t\t\t<section class=\"elementor-section elementor-top-section elementor-element elementor-element-c2a27a0 elementor-reverse-tablet elementor-reverse-mobile elementor-section-boxed elementor-section-height-default elementor-section-height-default\" data-id=\"c2a27a0\" data-element_type=\"section\" data-settings=\"{&quot;background_background&quot;:&quot;classic&quot;}\">\n\t\t\t\t\t\t<div class=\"elementor-container elementor-column-gap-no\">\n\t\t\t\t\t<div class=\"elementor-column elementor-col-50 elementor-top-column elementor-element elementor-element-83ae8ae\" data-id=\"83ae8ae\" data-element_type=\"column\">\n\t\t\t<div class=\"elementor-widget-wrap elementor-element-populated\">\n\t\t\t\t\t\t\t\t<div class=\"elementor-element elementor-element-e64ba17 elementor-widget elementor-widget-malensectiontitle\" data-id=\"e64ba17\" data-element_type=\"widget\" data-widget_type=\"malensectiontitle.default\">\n\t\t\t\t<div class=\"elementor-widget-container\">\n\t\t\t\t\t<div class=\"title-area text-left\">\r\n\t\t\t\r\n\t\t\t<span class=\"sub-title th-sub\">\u0130LET\u0130\u015e\u0130M<\/span><h2 class=\"sec-title th-title\">Size Nas\u0131l Yard\u0131mc\u0131 Olabiliriz?<\/h2><p class=\"th-desc\">\u0130ster aray\u0131n ister yaz\u0131n m\u00fc\u015fteri temsilcimiz en k\u0131sa s\u00fcrede size geri d\u00f6n\u00fc\u015f yapacakt\u0131r.<\/p>\t\t<\/div>\r\n\r\n\t\t\t<\/div>\n\t\t\t\t<\/div>\n\t\t\t\t<div class=\"elementor-element elementor-element-9dca921 elementor-widget elementor-widget-malencontactinfo\" data-id=\"9dca921\" data-element_type=\"widget\" data-widget_type=\"malencontactinfo.default\">\n\t\t\t\t<div class=\"elementor-widget-container\">\n\t\t\t        \t\t\t<div class=\"contact-info-wrap\">\r\n\t\t\t\t<div class=\"contact-info\">\r\n\t\t\t\t\t<div class=\"contact-info_icon  th-icon\">\r\n\t\t\t\t\t\t<img decoding=\"async\" src=\"https:\/\/themeholy.com\/wordpress\/malen\/wp-content\/uploads\/2023\/05\/phone.svg\" alt=\"phone\"  \/>\t\t\t\t\t<\/div>\r\n\t\t\t\t\t<div class=\"media-body\">\r\n\t\t\t\t\t\t<h4 class=\"contact-info_title th-label\">Telefon<\/h4>\r\n\t\t\t\t\t\t<span class=\"contact-info_text\">\r\n\t\t\t\t\t\t\t<a class=\"th-content\" href=\"tel:03822662108\">0382 266 2108<\/a>\r\n\t\t\t\t\t\t<\/span>\r\n\t\t\t\t\t<\/div>\r\n\t\t\t\t<\/div>\r\n\t\t\t\t<div class=\"contact-info\">\r\n\t\t\t\t\t<div class=\"contact-info_icon th-icon\">\r\n\t\t\t\t\t\t<img decoding=\"async\" src=\"https:\/\/themeholy.com\/wordpress\/malen\/wp-content\/uploads\/2023\/05\/message.svg\" alt=\"message\"  \/>\t\t\t\t\t<\/div>\r\n\t\t\t\t\t<div class=\"media-body\">\r\n\t\t\t\t\t\t<h4 class=\"contact-info_title th-label\">E-Mail<\/h4>\r\n\t\t\t\t\t\t<span class=\"contact-info_text\">\r\n\t\t\t\t\t\t\t<a class=\"th-content\"  href=\"mailto:info@polikalip.com.tr\">info@polikalip.com.tr<\/a>\r\n\t\t\t\t\t\t<\/span>\r\n\t\t\t\t\t<\/div>\r\n\t\t\t\t<\/div>\r\n\t\t\t\t<div class=\"contact-info\">\r\n\t\t\t\t\t<div class=\"contact-info_icon th-icon\">\r\n\t\t\t\t\t\t<img decoding=\"async\" src=\"https:\/\/themeholy.com\/wordpress\/malen\/wp-content\/uploads\/2023\/05\/location.svg\" alt=\"location\"  \/>\t\t\t\t\t<\/div>\r\n\t\t\t\t\t<div class=\"media-body\">\r\n\t\t\t\t\t\t<h4 class=\"contact-info_title th-label\">Adres<\/h4>\r\n\t\t\t\t\t\t<span class=\"contact-info_text th-content\">Organize Sanayi B\u00f6lgesi Recep Tayyip ERDO\u011eAN Bulvar\u0131 1.Sk. No:4 AKSARAY<\/span>\r\n\t\t\t\t\t<\/div>\r\n\t\t\t\t<\/div>\r\n\t\t\t\t<div class=\"contact-wrapper\">\r\n\t\t\t\t\t<h4 class=\"info-title\"><\/h4>\r\n\t\t\t\t\t<div class=\"th-social author-social\">\r\n\t\t\t\t\t\t\r\n\t\t\t\t\t\t\r\n\t\t\t\t\t\t\r\n\t\t\t\t\t\t\t\t\t\t\t<\/div>\r\n\t\t\t\t<\/div>\r\n\t\t\t<\/div>\r\n\r\n\r\n    \t\t\t<\/div>\n\t\t\t\t<\/div>\n\t\t\t\t\t<\/div>\n\t\t<\/div>\n\t\t\t\t<div class=\"elementor-column elementor-col-50 elementor-top-column elementor-element elementor-element-ecd7c1e\" data-id=\"ecd7c1e\" data-element_type=\"column\">\n\t\t\t<div class=\"elementor-widget-wrap elementor-element-populated\">\n\t\t\t\t\t\t\t\t<div class=\"elementor-element elementor-element-22b47a1 elementor-widget elementor-widget-malencontactform\" data-id=\"22b47a1\" data-element_type=\"widget\" data-widget_type=\"malencontactform.default\">\n\t\t\t\t<div class=\"elementor-widget-container\">\n\t\t\t\t\t\t\t\t<div class=\"contact-form-wrapper th-bg\">\r\n\t\t\t\t<div class=\"contact-form ajax-contact\">\r\n\t\t\t\t\t\t\t\t\t\t\t<h2 class=\"form-title th-title\">Bize Yaz\u0131n<\/h2>\r\n\t\t\t\t\t\t\t\t\t\t\n<div class=\"wpcf7 no-js\" id=\"wpcf7-f878-o1\" lang=\"en-US\" dir=\"ltr\">\n<div class=\"screen-reader-response\"><p role=\"status\" aria-live=\"polite\" aria-atomic=\"true\"><\/p> <ul><\/ul><\/div>\n<form action=\"\/index.php?rest_route=%2Fwp%2Fv2%2Fpages%2F28#wpcf7-f878-o1\" method=\"post\" class=\"wpcf7-form init\" aria-label=\"Contact form\" novalidate=\"novalidate\" data-status=\"init\">\n<div style=\"display: none;\">\n<input type=\"hidden\" name=\"_wpcf7\" value=\"878\" \/>\n<input type=\"hidden\" name=\"_wpcf7_version\" value=\"5.8\" \/>\n<input type=\"hidden\" name=\"_wpcf7_locale\" value=\"en_US\" \/>\n<input type=\"hidden\" name=\"_wpcf7_unit_tag\" value=\"wpcf7-f878-o1\" \/>\n<input type=\"hidden\" name=\"_wpcf7_container_post\" value=\"0\" \/>\n<input type=\"hidden\" name=\"_wpcf7_posted_data_hash\" value=\"\" \/>\n<\/div>\n<div class=\"row\">\n    <div class=\"col-12 form-group\">\n        <i class=\"fa-sharp fa-light fa-user\"><\/i>\n<span class=\"wpcf7-form-control-wrap\" data-name=\"name12\"><input size=\"40\" class=\"wpcf7-form-control wpcf7-text form-control\" id=\"name12\" aria-invalid=\"false\" placeholder=\"\u0130sim Soyisim\" value=\"\" type=\"text\" name=\"name12\" \/><\/span>\n    <\/div>\n    <div class=\"col-12 form-group\">\n        <i class=\"fa-light fa-envelope-open\"><\/i>\n<span class=\"wpcf7-form-control-wrap\" data-name=\"email1\"><input size=\"40\" class=\"wpcf7-form-control wpcf7-email wpcf7-text wpcf7-validates-as-email form-control\" id=\"email1\" aria-invalid=\"false\" placeholder=\"E-Mail Adresiniz\" value=\"\" type=\"email\" name=\"email1\" \/><\/span>\n    <\/div>\n    <div class=\"col-md-6 form-group\">\n        <i class=\"fa-light fa-phone\"><\/i>\n<span class=\"wpcf7-form-control-wrap\" data-name=\"tel-886\"><input size=\"40\" class=\"wpcf7-form-control wpcf7-tel wpcf7-text wpcf7-validates-as-tel form-control\" aria-invalid=\"false\" placeholder=\"Telefon:\" value=\"\" type=\"tel\" name=\"tel-886\" \/><\/span>\n    <\/div>\n    <div class=\"form-group col-md-6\">\n        <i class=\"fa-regular fa-tag\"><\/i>\n<span class=\"wpcf7-form-control-wrap\" data-name=\"menu-217\"><select class=\"wpcf7-form-control wpcf7-select form-select\" id=\"menu-217\" aria-invalid=\"false\" name=\"menu-217\"><option value=\"Konu Se\u00e7iniz\">Konu Se\u00e7iniz<\/option><option value=\"\u00dcr\u00fcn Tedari\u011fi\">\u00dcr\u00fcn Tedari\u011fi<\/option><option value=\"Sat\u0131\u015f Sonras\u0131 Destek\">Sat\u0131\u015f Sonras\u0131 Destek<\/option><option value=\"Fiyat \u0130stiyorum\">Fiyat \u0130stiyorum<\/option><option value=\"Bilgi \u0130stiyorum\">Bilgi \u0130stiyorum<\/option><\/select><\/span>\n    <\/div>\n    <div class=\"form-group col-12\">\n        <i class=\"fa-regular fa-comment\"><\/i>\n<span class=\"wpcf7-form-control-wrap\" data-name=\"textarea-696\"><textarea cols=\"40\" rows=\"10\" class=\"wpcf7-form-control wpcf7-textarea form-control\" aria-invalid=\"false\" placeholder=\"Mesaj\u0131n\u0131z\" name=\"textarea-696\"><\/textarea><\/span>\n    <\/div>\n    <div class=\"btn-group justify-content-center justify-content-xl-start\"><a href=\"#\" class=\"th-btn wpcf7 th_btn\">G\u00f6nder<i class=\"fa-solid fa-arrow-right ms-2\"><\/i><\/a>\n\n    <\/div>\n<\/div><div class=\"wpcf7-response-output\" aria-hidden=\"true\"><\/div>\n<\/form>\n<\/div>\n\t\t\t\t<\/div>\r\n\t\t\t<\/div>\r\n\r\n\t\t\t\t<\/div>\n\t\t\t\t<\/div>\n\t\t\t\t\t<\/div>\n\t\t<\/div>\n\t\t\t\t\t\t\t<\/div>\n\t\t<\/section>\n\t\t\t\t<section class=\"elementor-section elementor-top-section elementor-element elementor-element-01ae3d2 elementor-section-boxed elementor-section-height-default elementor-section-height-default\" data-id=\"01ae3d2\" data-element_type=\"section\">\n\t\t\t\t\t\t<div class=\"elementor-container elementor-column-gap-no\">\n\t\t\t\t\t<div class=\"elementor-column elementor-col-100 elementor-top-column elementor-element elementor-element-1e1c56d\" data-id=\"1e1c56d\" data-element_type=\"column\">\n\t\t\t<div class=\"elementor-widget-wrap elementor-element-populated\">\n\t\t\t\t\t\t\t\t<div class=\"elementor-element elementor-element-415b8a0 elementor-widget elementor-widget-google_maps\" data-id=\"415b8a0\" data-element_type=\"widget\" data-widget_type=\"google_maps.default\">\n\t\t\t\t<div class=\"elementor-widget-container\">\n\t\t\t<style>\/*! elementor - v3.16.0 - 20-09-2023 *\/\n.elementor-widget-google_maps .elementor-widget-container{overflow:hidden}.elementor-widget-google_maps .elementor-custom-embed{line-height:0}.elementor-widget-google_maps iframe{height:300px}<\/style>\t\t<div class=\"elementor-custom-embed\">\n\t\t\t<iframe loading=\"lazy\"\n\t\t\t\t\tsrc=\"https:\/\/maps.google.com\/maps?q=Organize%20Sanayi%20B%C3%B6lgesi%20Recep%20Tayyip%20ERDO%C4%9EAN%20Bulvar%C4%B1%201.Sk.%20No%3A4%20AKSARAY&#038;t=m&#038;z=12&#038;output=embed&#038;iwloc=near\"\n\t\t\t\t\ttitle=\"Organize Sanayi B\u00f6lgesi Recep Tayyip ERDO\u011eAN Bulvar\u0131 1.Sk. No:4 AKSARAY\"\n\t\t\t\t\taria-label=\"Organize Sanayi B\u00f6lgesi Recep Tayyip ERDO\u011eAN Bulvar\u0131 1.Sk. No:4 AKSARAY\"\n\t\t\t><\/iframe>\n\t\t<\/div>\n\t\t\t\t<\/div>\n\t\t\t\t<\/div>\n\t\t\t\t\t<\/div>\n\t\t<\/div>\n\t\t\t\t\t\t\t<\/div>\n\t\t<\/section>\n\t\t\t\t\t\t\t<\/div>\n\t\t","protected":false},"excerpt":{"rendered":"<p>\u0130LET\u0130\u015e\u0130M Size Nas\u0131l Yard\u0131mc\u0131 Olabiliriz? \u0130ster aray\u0131n ister yaz\u0131n m\u00fc\u015fteri temsilcimiz en k\u0131sa s\u00fcrede size geri d\u00f6n\u00fc\u015f yapacakt\u0131r. Telefon 0382 266 2108 E-Mail info@polikalip.com.tr Adres Organize Sanayi B\u00f6lgesi Recep Tayyip ERDO\u011eAN Bulvar\u0131 1.Sk. No:4 AKSARAY Bize Yaz\u0131n Konu Se\u00e7iniz\u00dcr\u00fcn Tedari\u011fiSat\u0131\u015f Sonras\u0131 DestekFiyat \u0130stiyorumBilgi \u0130stiyorum G\u00f6nder<\/p>\n","protected":false},"author":1,"featured_media":0,"parent":0,"menu_order":0,"comment_status":"closed","ping_status":"closed","template":"template-builder.php","meta":{"_monsterinsights_skip_tracking":false,"_monsterinsights_sitenote_active":false,"_monsterinsights_sitenote_note":"","_monsterinsights_sitenote_category":0,"footnotes":""},"class_list":["post-28","page","type-page","status-publish","hentry"],"aioseo_notices":[],"_links":{"self":[{"href":"https:\/\/polikalip.com.tr\/index.php?rest_route=\/wp\/v2\/pages\/28","targetHints":{"allow":["GET"]}}],"collection":[{"href":"https:\/\/polikalip.com.tr\/index.php?rest_route=\/wp\/v2\/pages"}],"about":[{"href":"https:\/\/polikalip.com.tr\/index.php?rest_route=\/wp\/v2\/types\/page"}],"author":[{"embeddable":true,"href":"https:\/\/polikalip.com.tr\/index.php?rest_route=\/wp\/v2\/users\/1"}],"replies":[{"embeddable":true,"href":"https:\/\/polikalip.com.tr\/index.php?rest_route=%2Fwp%2Fv2%2Fcomments&post=28"}],"version-history":[{"count":19,"href":"https:\/\/polikalip.com.tr\/index.php?rest_route=\/wp\/v2\/pages\/28\/revisions"}],"predecessor-version":[{"id":2264,"href":"https:\/\/polikalip.com.tr\/index.php?rest_route=\/wp\/v2\/pages\/28\/revisions\/2264"}],"wp:attachment":[{"href":"https:\/\/polikalip.com.tr\/index.php?rest_route=%2Fwp%2Fv2%2Fmedia&parent=28"}],"curies":[{"name":"wp","href":"https:\/\/api.w.org\/{rel}","templated":true}]}}