
{"id":29,"date":"2023-05-15T02:01:00","date_gmt":"2023-05-15T02:01:00","guid":{"rendered":"https:\/\/themeholy.com\/wordpress\/malen\/?page_id=29"},"modified":"2023-10-09T07:34:25","modified_gmt":"2023-10-09T07:34:25","slug":"about","status":"publish","type":"page","link":"https:\/\/polikalip.com.tr\/?page_id=29","title":{"rendered":"Hakk\u0131m\u0131zda"},"content":{"rendered":"\t\t<div data-elementor-type=\"wp-page\" data-elementor-id=\"29\" class=\"elementor elementor-29\">\n\t\t\t\t\t\t\t\t\t<section class=\"elementor-section elementor-top-section elementor-element elementor-element-19e8c4c elementor-section-full_width elementor-section-height-default elementor-section-height-default\" data-id=\"19e8c4c\" data-element_type=\"section\" data-settings=\"{&quot;background_background&quot;:&quot;classic&quot;}\">\n\t\t\t\t\t\t<div class=\"elementor-container elementor-column-gap-no\">\n\t\t\t\t\t<div class=\"elementor-column elementor-col-100 elementor-top-column elementor-element elementor-element-e472ac4\" data-id=\"e472ac4\" data-element_type=\"column\">\n\t\t\t<div class=\"elementor-widget-wrap elementor-element-populated\">\n\t\t\t\t\t\t\t\t<section class=\"elementor-section elementor-inner-section elementor-element elementor-element-780ed30 elementor-section-boxed elementor-section-height-default elementor-section-height-default\" data-id=\"780ed30\" data-element_type=\"section\">\n\t\t\t\t\t\t<div class=\"elementor-container elementor-column-gap-no\">\n\t\t\t\t\t<div class=\"elementor-column elementor-col-50 elementor-inner-column elementor-element elementor-element-34864b5\" data-id=\"34864b5\" data-element_type=\"column\">\n\t\t\t<div class=\"elementor-widget-wrap elementor-element-populated\">\n\t\t\t\t\t\t\t\t<div class=\"elementor-element elementor-element-20310cd elementor-widget elementor-widget-malenimage\" data-id=\"20310cd\" data-element_type=\"widget\" data-widget_type=\"malenimage.default\">\n\t\t\t\t<div class=\"elementor-widget-container\">\n\t\t\t\r\n\t\t\t\t\t<div class=\"img-box3 pe-xl-5\">\r\n\t\t\t\t<div class=\"img1\">\r\n\t\t\t\t\t<img decoding=\"async\" src=\"https:\/\/polikalip.com.tr\/wp-content\/uploads\/2023\/09\/polikalipbayrak-1.jpg\" alt=\"polikalipbayrak 1\"  class=\"tilt-active\" \/>\t\t\t\t<\/div>\r\n\t\t\t\t<div class=\"vehicle-repair movingX\">\r\n\t\t\t\t\t\t<img decoding=\"async\" src=\"https:\/\/polikalip.com.tr\/wp-content\/uploads\/2023\/09\/polikalip-fabrika-1-scaled.jpg\" alt=\"polikalip fabrika 1 scaled\"  \/>\t\t\t\t\t<span class=\"title\"><\/span>\r\n\t\t\t\t<\/div>\r\n\t\t\t\t<div class=\"about-counter\">\r\n\t\t\t\t\t<h3 class=\"counter-title th-title\"><span class=\"counter-number\">30 Y\u0131l<\/span>+<\/h3>\r\n\t\t\t\t\t<span class=\"counter-text th-desc\">Mesleki Tecr\u00fcbe<\/span>\r\n\t\t\t\t\t<div class=\"line-animation\">\r\n\t\t\t\t\t\t<img decoding=\"async\" src=\"https:\/\/themeholy.com\/wordpress\/malen\/wp-content\/uploads\/2023\/05\/about_dots.png\" alt=\"about_dots\"  \/>\t\t\t\t\t<\/div>\r\n\t\t\t\t<\/div>\r\n\t\t\t<\/div>\r\n      \r\n      \t\t<\/div>\n\t\t\t\t<\/div>\n\t\t\t\t\t<\/div>\n\t\t<\/div>\n\t\t\t\t<div class=\"elementor-column elementor-col-50 elementor-inner-column elementor-element elementor-element-2cca127\" data-id=\"2cca127\" data-element_type=\"column\">\n\t\t\t<div class=\"elementor-widget-wrap elementor-element-populated\">\n\t\t\t\t\t\t\t\t<div class=\"elementor-element elementor-element-120a803 elementor-widget elementor-widget-malensectiontitle\" data-id=\"120a803\" data-element_type=\"widget\" data-widget_type=\"malensectiontitle.default\">\n\t\t\t\t<div class=\"elementor-widget-container\">\n\t\t\t\t\t<div class=\"title-area text-left\">\r\n\t\t\t\r\n\t\t\t<span class=\"sub-title th-sub\">POL\u0130KALIP<\/span><h2 class=\"sec-title th-title\">D\u00fcnden Bug\u00fcne Sizinle B\u00fcy\u00fcyoruz<\/h2><p class=\"th-desc\">Polikal\u0131p, 1991 y\u0131l\u0131nda Aksaray'da temelleri at\u0131lan bir kurulu\u015f olarak do\u011fdu. O g\u00fcnden bu yana ge\u00e7en y\u0131llarda elde etti\u011fimiz deneyim, bilgi birikimi ve teknolojik g\u00fc\u00e7 sayesinde, sekt\u00f6rdeki konumumuzu g\u00fcn ge\u00e7tik\u00e7e daha da sa\u011flamla\u015ft\u0131rd\u0131k. <br>\n\n\n1998 y\u0131l\u0131nda, i\u015f hacmimizi art\u0131rmak ve daha geni\u015f bir etki alan\u0131na ula\u015fmak amac\u0131yla Polikal\u0131p, Aksaray Organize Sanayi B\u00f6lgesi'ne ta\u015f\u0131nd\u0131. Bu ta\u015f\u0131nma, i\u015f yapma kapasitemizi b\u00fcy\u00fcterek m\u00fc\u015fterilerimize daha iyi hizmet sunma f\u0131rsat\u0131 sa\u011flad\u0131.\n\n\u00c7al\u0131\u015fma ilkemiz, tasar\u0131m\u0131n \u00f6zenle ve kurumsal bir perspektifle yap\u0131lmas\u0131, sorunsuz ve h\u0131zl\u0131 \u00fcretim s\u00fcre\u00e7leri ve m\u00fckemmel nakliye hizmetlerini i\u00e7erir. M\u00fc\u015fteri taleplerini titizlikle inceleyerek \u00fcr\u00fcnlerimizi \u00f6zel ihtiya\u00e7lar\u0131n\u0131za g\u00f6re tasarlay\u0131p \u00fcretiyoruz.\n\nKal\u0131p ve makine sekt\u00f6r\u00fcnde, m\u00fc\u015fteri ihtiya\u00e7lar\u0131 s\u00fcrekli olarak de\u011fi\u015fir ve geli\u015fir. Bu nedenle, bu de\u011fi\u015fen ihtiya\u00e7lara h\u0131zl\u0131 ve sorunsuz bir \u015fekilde yan\u0131t verebilmek i\u00e7in gerekli ekipman ve profesyonel kadromuzla her zaman hizmetinizdeyiz.\n<\/p>\t\t<\/div>\r\n\r\n\t\t\t<\/div>\n\t\t\t\t<\/div>\n\t\t\t\t\t<\/div>\n\t\t<\/div>\n\t\t\t\t\t\t\t<\/div>\n\t\t<\/section>\n\t\t\t\t\t<\/div>\n\t\t<\/div>\n\t\t\t\t\t\t\t<\/div>\n\t\t<\/section>\n\t\t\t\t<section class=\"elementor-section elementor-top-section elementor-element elementor-element-e6098ac elementor-section-boxed elementor-section-height-default elementor-section-height-default\" data-id=\"e6098ac\" data-element_type=\"section\" data-settings=\"{&quot;background_background&quot;:&quot;classic&quot;}\">\n\t\t\t\t\t\t\t<div class=\"elementor-background-overlay\"><\/div>\n\t\t\t\t\t\t\t<div class=\"elementor-container elementor-column-gap-no\">\n\t\t\t\t\t<div class=\"elementor-column elementor-col-100 elementor-top-column elementor-element elementor-element-2be7d64\" data-id=\"2be7d64\" data-element_type=\"column\">\n\t\t\t<div class=\"elementor-widget-wrap elementor-element-populated\">\n\t\t\t\t\t\t\t\t<div class=\"elementor-element elementor-element-25cb131 elementor-widget__width-initial elementor-arrows-position-inside elementor-widget elementor-widget-image-carousel\" data-id=\"25cb131\" data-element_type=\"widget\" data-settings=\"{&quot;navigation&quot;:&quot;arrows&quot;,&quot;autoplay&quot;:&quot;yes&quot;,&quot;pause_on_hover&quot;:&quot;yes&quot;,&quot;pause_on_interaction&quot;:&quot;yes&quot;,&quot;autoplay_speed&quot;:5000,&quot;infinite&quot;:&quot;yes&quot;,&quot;speed&quot;:500}\" data-widget_type=\"image-carousel.default\">\n\t\t\t\t<div class=\"elementor-widget-container\">\n\t\t\t<style>\/*! elementor - v3.16.0 - 20-09-2023 *\/\n.elementor-widget-image-carousel .swiper,.elementor-widget-image-carousel .swiper-container{position:static}.elementor-widget-image-carousel .swiper-container .swiper-slide figure,.elementor-widget-image-carousel .swiper .swiper-slide figure{line-height:inherit}.elementor-widget-image-carousel .swiper-slide{text-align:center}.elementor-image-carousel-wrapper:not(.swiper-container-initialized):not(.swiper-initialized) .swiper-slide{max-width:calc(100% \/ var(--e-image-carousel-slides-to-show, 3))}<\/style>\t\t<div class=\"elementor-image-carousel-wrapper swiper\" dir=\"ltr\">\n\t\t\t<div class=\"elementor-image-carousel swiper-wrapper\" aria-live=\"off\">\n\t\t\t\t\t\t\t\t<div class=\"swiper-slide\" role=\"group\" aria-roledescription=\"slide\" aria-label=\"1 \/ 3\"><figure class=\"swiper-slide-inner\"><img decoding=\"async\" class=\"swiper-slide-image\" src=\"https:\/\/polikalip.com.tr\/wp-content\/uploads\/2023\/09\/3-724x1024.jpg\" alt=\"3\" \/><\/figure><\/div><div class=\"swiper-slide\" role=\"group\" aria-roledescription=\"slide\" aria-label=\"2 \/ 3\"><figure class=\"swiper-slide-inner\"><img decoding=\"async\" class=\"swiper-slide-image\" src=\"https:\/\/polikalip.com.tr\/wp-content\/uploads\/2023\/09\/2-724x1024.jpg\" alt=\"2\" \/><\/figure><\/div><div class=\"swiper-slide\" role=\"group\" aria-roledescription=\"slide\" aria-label=\"3 \/ 3\"><figure class=\"swiper-slide-inner\"><img decoding=\"async\" class=\"swiper-slide-image\" src=\"https:\/\/polikalip.com.tr\/wp-content\/uploads\/2023\/09\/1-724x1024.jpg\" alt=\"1\" \/><\/figure><\/div>\t\t\t<\/div>\n\t\t\t\t\t\t\t\t\t\t\t\t<div class=\"elementor-swiper-button elementor-swiper-button-prev\" role=\"button\" tabindex=\"0\">\n\t\t\t\t\t\t<i aria-hidden=\"true\" class=\"eicon-chevron-left\"><\/i>\t\t\t\t\t<\/div>\n\t\t\t\t\t<div class=\"elementor-swiper-button elementor-swiper-button-next\" role=\"button\" tabindex=\"0\">\n\t\t\t\t\t\t<i aria-hidden=\"true\" class=\"eicon-chevron-right\"><\/i>\t\t\t\t\t<\/div>\n\t\t\t\t\n\t\t\t\t\t\t\t\t\t<\/div>\n\t\t\t\t<\/div>\n\t\t\t\t<\/div>\n\t\t\t\t\t<\/div>\n\t\t<\/div>\n\t\t\t\t\t\t\t<\/div>\n\t\t<\/section>\n\t\t\t\t\t\t\t<\/div>\n\t\t","protected":false},"excerpt":{"rendered":"<p>30 Y\u0131l+ Mesleki Tecr\u00fcbe POL\u0130KALIP D\u00fcnden Bug\u00fcne Sizinle B\u00fcy\u00fcyoruz Polikal\u0131p, 1991 y\u0131l\u0131nda Aksaray&#8217;da temelleri at\u0131lan bir kurulu\u015f olarak do\u011fdu. O g\u00fcnden bu yana ge\u00e7en y\u0131llarda elde etti\u011fimiz deneyim, bilgi birikimi ve teknolojik g\u00fc\u00e7 sayesinde, sekt\u00f6rdeki konumumuzu g\u00fcn ge\u00e7tik\u00e7e daha da sa\u011flamla\u015ft\u0131rd\u0131k. 1998 y\u0131l\u0131nda, i\u015f hacmimizi art\u0131rmak ve daha geni\u015f bir etki alan\u0131na ula\u015fmak amac\u0131yla Polikal\u0131p,&#8230;<\/p>\n","protected":false},"author":1,"featured_media":0,"parent":0,"menu_order":0,"comment_status":"closed","ping_status":"closed","template":"template-builder.php","meta":{"_monsterinsights_skip_tracking":false,"_monsterinsights_sitenote_active":false,"_monsterinsights_sitenote_note":"","_monsterinsights_sitenote_category":0,"footnotes":""},"class_list":["post-29","page","type-page","status-publish","hentry"],"aioseo_notices":[],"_links":{"self":[{"href":"https:\/\/polikalip.com.tr\/index.php?rest_route=\/wp\/v2\/pages\/29","targetHints":{"allow":["GET"]}}],"collection":[{"href":"https:\/\/polikalip.com.tr\/index.php?rest_route=\/wp\/v2\/pages"}],"about":[{"href":"https:\/\/polikalip.com.tr\/index.php?rest_route=\/wp\/v2\/types\/page"}],"author":[{"embeddable":true,"href":"https:\/\/polikalip.com.tr\/index.php?rest_route=\/wp\/v2\/users\/1"}],"replies":[{"embeddable":true,"href":"https:\/\/polikalip.com.tr\/index.php?rest_route=%2Fwp%2Fv2%2Fcomments&post=29"}],"version-history":[{"count":16,"href":"https:\/\/polikalip.com.tr\/index.php?rest_route=\/wp\/v2\/pages\/29\/revisions"}],"predecessor-version":[{"id":2446,"href":"https:\/\/polikalip.com.tr\/index.php?rest_route=\/wp\/v2\/pages\/29\/revisions\/2446"}],"wp:attachment":[{"href":"https:\/\/polikalip.com.tr\/index.php?rest_route=%2Fwp%2Fv2%2Fmedia&parent=29"}],"curies":[{"name":"wp","href":"https:\/\/api.w.org\/{rel}","templated":true}]}}