
{"id":41,"date":"2023-05-15T02:01:20","date_gmt":"2023-05-15T02:01:20","guid":{"rendered":"https:\/\/themeholy.com\/wordpress\/malen\/?page_id=41"},"modified":"2023-09-25T22:08:35","modified_gmt":"2023-09-25T22:08:35","slug":"team-details","status":"publish","type":"page","link":"https:\/\/polikalip.com.tr\/?page_id=41","title":{"rendered":"\u0130NSAN KAYNAKLARI"},"content":{"rendered":"\t\t<div data-elementor-type=\"wp-page\" data-elementor-id=\"41\" class=\"elementor elementor-41\">\n\t\t\t\t\t\t\t<div class=\"elementor-element elementor-element-da6686f e-flex e-con-boxed e-con e-parent\" data-id=\"da6686f\" data-element_type=\"container\" data-settings=\"{&quot;content_width&quot;:&quot;boxed&quot;}\" data-core-v316-plus=\"true\">\n\t\t\t\t\t<div class=\"e-con-inner\">\n\t\t<div class=\"elementor-element elementor-element-69a0711 e-con-full e-flex e-con e-child\" data-id=\"69a0711\" data-element_type=\"container\" data-settings=\"{&quot;content_width&quot;:&quot;full&quot;}\">\n\t\t\t\t<div class=\"elementor-element elementor-element-553a061 elementor-widget elementor-widget-image\" data-id=\"553a061\" data-element_type=\"widget\" data-widget_type=\"image.default\">\n\t\t\t\t<div class=\"elementor-widget-container\">\n\t\t\t<style>\/*! elementor - v3.16.0 - 20-09-2023 *\/\n.elementor-widget-image{text-align:center}.elementor-widget-image a{display:inline-block}.elementor-widget-image a img[src$=\".svg\"]{width:48px}.elementor-widget-image img{vertical-align:middle;display:inline-block}<\/style>\t\t\t\t\t\t\t\t\t\t\t\t<img loading=\"lazy\" decoding=\"async\" width=\"566\" height=\"1024\" src=\"https:\/\/polikalip.com.tr\/wp-content\/uploads\/2023\/09\/polikalipinsankaynaklari-566x1024.jpg\" class=\"attachment-large size-large wp-image-2278\" alt=\"\" srcset=\"https:\/\/polikalip.com.tr\/wp-content\/uploads\/2023\/09\/polikalipinsankaynaklari-566x1024.jpg 566w, https:\/\/polikalip.com.tr\/wp-content\/uploads\/2023\/09\/polikalipinsankaynaklari-166x300.jpg 166w, https:\/\/polikalip.com.tr\/wp-content\/uploads\/2023\/09\/polikalipinsankaynaklari-768x1389.jpg 768w, https:\/\/polikalip.com.tr\/wp-content\/uploads\/2023\/09\/polikalipinsankaynaklari-849x1536.jpg 849w, https:\/\/polikalip.com.tr\/wp-content\/uploads\/2023\/09\/polikalipinsankaynaklari-1132x2048.jpg 1132w, https:\/\/polikalip.com.tr\/wp-content\/uploads\/2023\/09\/polikalipinsankaynaklari-600x1085.jpg 600w, https:\/\/polikalip.com.tr\/wp-content\/uploads\/2023\/09\/polikalipinsankaynaklari-scaled.jpg 1415w\" sizes=\"auto, (max-width: 566px) 100vw, 566px\" \/>\t\t\t\t\t\t\t\t\t\t\t\t\t\t\t<\/div>\n\t\t\t\t<\/div>\n\t\t\t\t<\/div>\n\t\t<div class=\"elementor-element elementor-element-492d97f e-con-full e-flex e-con e-child\" data-id=\"492d97f\" data-element_type=\"container\" data-settings=\"{&quot;content_width&quot;:&quot;full&quot;}\">\n\t\t\t\t<div class=\"elementor-element elementor-element-0d39e59 elementor-widget elementor-widget-malencontactform\" data-id=\"0d39e59\" data-element_type=\"widget\" data-widget_type=\"malencontactform.default\">\n\t\t\t\t<div class=\"elementor-widget-container\">\n\t\t\t\t\t\t\t\t<div class=\"contact-form-wrapper th-bg\">\r\n\t\t\t\t<div class=\"contact-form ajax-contact\">\r\n\t\t\t\t\t\t\t\t\t\t\t<h2 class=\"form-title th-title\">\u0130\u015e BA\u015eVURU FORMU<\/h2>\r\n\t\t\t\t\t\t\t\t\t\t\n<div class=\"wpcf7 no-js\" id=\"wpcf7-f1407-o1\" lang=\"en-US\" dir=\"ltr\">\n<div class=\"screen-reader-response\"><p role=\"status\" aria-live=\"polite\" aria-atomic=\"true\"><\/p> <ul><\/ul><\/div>\n<form action=\"\/index.php?rest_route=%2Fwp%2Fv2%2Fpages%2F41#wpcf7-f1407-o1\" method=\"post\" class=\"wpcf7-form init\" aria-label=\"Contact form\" novalidate=\"novalidate\" data-status=\"init\">\n<div style=\"display: none;\">\n<input type=\"hidden\" name=\"_wpcf7\" value=\"1407\" \/>\n<input type=\"hidden\" name=\"_wpcf7_version\" value=\"5.8\" \/>\n<input type=\"hidden\" name=\"_wpcf7_locale\" value=\"en_US\" \/>\n<input type=\"hidden\" name=\"_wpcf7_unit_tag\" value=\"wpcf7-f1407-o1\" \/>\n<input type=\"hidden\" name=\"_wpcf7_container_post\" value=\"0\" \/>\n<input type=\"hidden\" name=\"_wpcf7_posted_data_hash\" value=\"\" \/>\n<\/div>\n<h4 class=\"b-baslik\">Ki\u015fisel Bilgileriniz<\/h4>\n<br>\n<strong class=\"baslikk\">Ad\u0131n\u0131z Soyad\u0131n\u0131z*<\/strong>\n<br>\n<span class=\"wpcf7-form-control-wrap\" data-name=\"your-name\"><input size=\"40\" class=\"wpcf7-form-control wpcf7-text wpcf7-validates-as-required contactinput\" id=\"adiniz\" aria-required=\"true\" aria-invalid=\"false\" value=\"\" type=\"text\" name=\"your-name\" \/><\/span><br>\n<br>\n<strong class=\"baslikk\">Do\u011fum Tarihi*<\/strong>\t \n<br>\n<span class=\"wpcf7-form-control-wrap\" data-name=\"menu-55\"><select class=\"wpcf7-form-control wpcf7-select inputlist\" id=\"dogumtarihigun\" aria-invalid=\"false\" name=\"menu-55\"><option value=\"G\u00fcn\">G\u00fcn<\/option><option value=\"1\">1<\/option><option value=\"2\">2<\/option><option value=\"3\">3<\/option><option value=\"4\">4<\/option><option value=\"5\">5<\/option><option value=\"6\">6<\/option><option value=\"7\">7<\/option><option value=\"8\">8<\/option><option value=\"9\">9<\/option><option value=\"10\">10<\/option><option value=\"11\">11<\/option><option value=\"12\">12<\/option><option value=\"13\">13<\/option><option value=\"14\">14<\/option><option value=\"15\">15<\/option><option value=\"16\">16<\/option><option value=\"17\">17<\/option><option value=\"18\">18<\/option><option value=\"19\">19<\/option><option value=\"20\">20<\/option><option value=\"21\">21<\/option><option value=\"22\">22<\/option><option value=\"23\">23<\/option><option value=\"24\">24<\/option><option value=\"25\">25<\/option><option value=\"26\">26<\/option><option value=\"27\">27<\/option><option value=\"28\">28<\/option><option value=\"29\">29<\/option><option value=\"30\">30<\/option><option value=\"31\">31<\/option><\/select><\/span>\n<span class=\"wpcf7-form-control-wrap\" data-name=\"menu-214\"><select class=\"wpcf7-form-control wpcf7-select inputlist\" id=\"dogumtarihiay\" aria-invalid=\"false\" name=\"menu-214\"><option value=\"Ay\">Ay<\/option><option value=\"Ocak\">Ocak<\/option><option value=\"\u015eubat\">\u015eubat<\/option><option value=\"Mart\">Mart<\/option><option value=\"Nisan\">Nisan<\/option><option value=\"May\u0131s\">May\u0131s<\/option><option value=\"Haziran\">Haziran<\/option><option value=\"Temmuz\">Temmuz<\/option><option value=\"A\u011fustos\">A\u011fustos<\/option><option value=\"Eyl\u00fcl\">Eyl\u00fcl<\/option><option value=\"Ekim\">Ekim<\/option><option value=\"Kas\u0131m\">Kas\u0131m<\/option><option value=\"Aral\u0131k\">Aral\u0131k<\/option><\/select><\/span>\n<span class=\"wpcf7-form-control-wrap\" data-name=\"menu-597\"><select class=\"wpcf7-form-control wpcf7-select wpcf7-validates-as-required inputlist\" id=\"dogumtarihiyil\" aria-required=\"true\" aria-invalid=\"false\" name=\"menu-597\"><option value=\"Y\u0131l\">Y\u0131l<\/option><option value=\"2000\">2000<\/option><option value=\"1999\">1999<\/option><option value=\"1998\">1998<\/option><option value=\"1997\">1997<\/option><option value=\"1996\">1996<\/option><option value=\"1995\">1995<\/option><option value=\"1994\">1994<\/option><option value=\"1993\">1993<\/option><option value=\"1992\">1992<\/option><option value=\"1991\">1991<\/option><option value=\"1990\">1990<\/option><option value=\"1989\">1989<\/option><option value=\"1988\">1988<\/option><option value=\"1987\">1987<\/option><option value=\"1986\">1986<\/option><option value=\"1985\">1985<\/option><option value=\"1984\">1984<\/option><option value=\"1983\">1983<\/option><option value=\"1982\">1982<\/option><option value=\"1981\">1981<\/option><option value=\"1980\">1980<\/option><option value=\"1979\">1979<\/option><option value=\"1978\">1978<\/option><option value=\"1977\">1977<\/option><option value=\"1976\">1976<\/option><option value=\"1975\">1975<\/option><option value=\"1974\">1974<\/option><option value=\"1973\">1973<\/option><option value=\"1972\">1972<\/option><option value=\"1971\">1971<\/option><option value=\"1970\">1970<\/option><option value=\"1969\">1969<\/option><option value=\"1968\">1968<\/option><option value=\"1967\">1967<\/option><option value=\"1966\">1966<\/option><option value=\"1965\">1965<\/option><option value=\"1964\">1964<\/option><option value=\"1963\">1963<\/option><option value=\"1962\">1962<\/option><option value=\"1961\">1961<\/option><option value=\"1960\">1960<\/option><option value=\"1959\">1959<\/option><option value=\"1958\">1958<\/option><option value=\"1957\">1957<\/option><option value=\"1956\">1956<\/option><option value=\"1955\">1955<\/option><option value=\"1954\">1954<\/option><option value=\"1953\">1953<\/option><option value=\"1952\">1952<\/option><option value=\"1951\">1951<\/option><option value=\"1950\">1950<\/option><\/select><\/span><br>\n<strong class=\"baslikk\">Do\u011fum Yeri*\t<\/strong>\n<span class=\"wpcf7-form-control-wrap\" data-name=\"text-943\"><input size=\"40\" class=\"wpcf7-form-control wpcf7-text wpcf7-validates-as-required contactinput\" id=\"dogumyeri\" aria-required=\"true\" aria-invalid=\"false\" value=\"\" type=\"text\" name=\"text-943\" \/><\/span>\n<strong class=\"baslikk\">T.C Kimlik No*\t<\/strong>\n<span class=\"wpcf7-form-control-wrap\" data-name=\"text-742\"><input size=\"40\" class=\"wpcf7-form-control wpcf7-text wpcf7-validates-as-required contactinput\" id=\"tckimlik\" aria-required=\"true\" aria-invalid=\"false\" value=\"\" type=\"text\" name=\"text-742\" \/><\/span><br>\n<strong class=\"baslikk\">Cinsiyetiniz*\t<\/strong> \n<span class=\"wpcf7-form-control-wrap\" data-name=\"menu-598\"><select class=\"wpcf7-form-control wpcf7-select wpcf7-validates-as-required inputlist\" id=\"cinsiyet\" aria-required=\"true\" aria-invalid=\"false\" name=\"menu-598\"><option value=\"Se\u00e7iniz\">Se\u00e7iniz<\/option><option value=\"Erkek\">Erkek<\/option><option value=\"Bayan\">Bayan<\/option><\/select><\/span><br>\n<strong class=\"baslikk\">Medeni Hal*\t<\/strong> \n<span class=\"wpcf7-form-control-wrap\" data-name=\"menu-525\"><select class=\"wpcf7-form-control wpcf7-select wpcf7-validates-as-required inputlist\" id=\"medenihal\" aria-required=\"true\" aria-invalid=\"false\" name=\"menu-525\"><option value=\"Se\u00e7iniz\">Se\u00e7iniz<\/option><option value=\"Bekar\">Bekar<\/option><option value=\"Evli\">Evli<\/option><\/select><\/span><br>\n<strong class=\"baslikk\">Ehliyet (Tarih ve S\u0131n\u0131f)*<\/strong>\t\n<span class=\"wpcf7-form-control-wrap\" data-name=\"text-384\"><input size=\"40\" class=\"wpcf7-form-control wpcf7-text contactinput\" id=\"ehliyet\" aria-invalid=\"false\" value=\"\" type=\"text\" name=\"text-384\" \/><\/span><br>\n<strong class=\"baslikk\">Askerlik Durumu*<\/strong>\t \n<span class=\"wpcf7-form-control-wrap\" data-name=\"menu-602\"><select class=\"wpcf7-form-control wpcf7-select wpcf7-validates-as-required inputlist\" id=\"askerlik\" aria-required=\"true\" aria-invalid=\"false\" name=\"menu-602\"><option value=\"Se\u00e7iniz\">Se\u00e7iniz<\/option><option value=\"Yap\u0131ld\u0131\">Yap\u0131ld\u0131<\/option><option value=\"Tecilli\">Tecilli<\/option><option value=\"Muaf\">Muaf<\/option><\/select><\/span><br>\n<strong class=\"baslikk\">Ev Adresi*\t<\/strong>\n<span class=\"wpcf7-form-control-wrap\" data-name=\"textarea-913\"><textarea cols=\"40\" rows=\"4\" class=\"wpcf7-form-control wpcf7-textarea wpcf7-validates-as-required new-mail\" id=\"evadres\" aria-required=\"true\" aria-invalid=\"false\" name=\"textarea-913\"><\/textarea><\/span>\n<strong class=\"baslikk\">Telefon Numaras\u0131<\/strong>\t\n<span class=\"wpcf7-form-control-wrap\" data-name=\"text-183\"><input size=\"40\" class=\"wpcf7-form-control wpcf7-text contactinput\" id=\"tel\" aria-invalid=\"false\" value=\"\" type=\"text\" name=\"text-183\" \/><\/span>\n<strong class=\"baslikk\">Cep Telefonu*\t<\/strong>\n<span class=\"wpcf7-form-control-wrap\" data-name=\"text-623\"><input size=\"40\" class=\"wpcf7-form-control wpcf7-text wpcf7-validates-as-required contactinput\" id=\"gsm\" aria-required=\"true\" aria-invalid=\"false\" value=\"\" type=\"text\" name=\"text-623\" \/><\/span>\n<strong class=\"baslikk\">E-mail Adresi*\t<\/strong>\n<span class=\"wpcf7-form-control-wrap\" data-name=\"your-email\"><input size=\"40\" class=\"wpcf7-form-control wpcf7-email wpcf7-validates-as-required wpcf7-text wpcf7-validates-as-email contactinput\" id=\"email\" aria-required=\"true\" aria-invalid=\"false\" value=\"\" type=\"email\" name=\"your-email\" \/><\/span>\n<strong class=\"baslikk\">Kan Grubunuz<\/strong>\t\n<span class=\"wpcf7-form-control-wrap\" data-name=\"text-205\"><input size=\"40\" class=\"wpcf7-form-control wpcf7-text contactinput\" id=\"kangrubu\" aria-invalid=\"false\" value=\"\" type=\"text\" name=\"text-205\" \/><\/span>\n\n \n<h4 class=\"b-baslik\">\u00d6\u011frenim Durumu ve Mesleki Bilgiler <\/h4>\n \n<strong class=\"baslikk\">\u00d6\u011frenim durumunuz<\/strong>\t \n<span class=\"wpcf7-form-control-wrap\" data-name=\"menu-392\"><select class=\"wpcf7-form-control wpcf7-select wpcf7-validates-as-required inputlist\" id=\"ogrenimdurum\" aria-required=\"true\" aria-invalid=\"false\" name=\"menu-392\"><option value=\"Se\u00e7iniz\">Se\u00e7iniz<\/option><option value=\"\u0130lkokul\">\u0130lkokul<\/option><option value=\"Ortaokul\">Ortaokul<\/option><option value=\"Lise\">Lise<\/option><option value=\"Y\u00fcksek Okul\">Y\u00fcksek Okul<\/option><option value=\"\u00dcniversite\">\u00dcniversite<\/option><option value=\"Y\u00fcksek Lisans\">Y\u00fcksek Lisans<\/option><\/select><\/span><br>\n<strong class=\"baslikk\">En son bitirdi\u011finiz okulun ad\u0131\t<\/strong>\n<span class=\"wpcf7-form-control-wrap\" data-name=\"text-479\"><input size=\"40\" class=\"wpcf7-form-control wpcf7-text contactinput\" id=\"ensonbitenokul\" aria-invalid=\"false\" value=\"\" type=\"text\" name=\"text-479\" \/><\/span>\n<strong class=\"baslikk\">Mesle\u011finiz\t<\/strong>\n<span class=\"wpcf7-form-control-wrap\" data-name=\"text-708\"><input size=\"40\" class=\"wpcf7-form-control wpcf7-text contactinput\" id=\"mesleginiz\" aria-invalid=\"false\" value=\"\" type=\"text\" name=\"text-708\" \/><\/span>\n<strong class=\"baslikk\">Bildi\u011finiz yabanc\u0131 dil<\/strong>\t\n<span class=\"wpcf7-form-control-wrap\" data-name=\"text-424\"><input size=\"40\" class=\"wpcf7-form-control wpcf7-text contactinput\" id=\"yabancidil\" aria-invalid=\"false\" value=\"\" type=\"text\" name=\"text-424\" \/><\/span>\n<strong class=\"baslikk\">\u00c7al\u0131\u015fmak istedi\u011finiz b\u00f6l\u00fcm\t<\/strong>\n<span class=\"wpcf7-form-control-wrap\" data-name=\"text-369\"><input size=\"40\" class=\"wpcf7-form-control wpcf7-text contactinput\" id=\"calismakistenilenbolum\" aria-invalid=\"false\" value=\"\" type=\"text\" name=\"text-369\" \/><\/span>\n<strong class=\"baslikk\">Ba\u015flayabilece\u011finiz tarih\t<\/strong>\n<span class=\"wpcf7-form-control-wrap\" data-name=\"text-0\"><input size=\"40\" class=\"wpcf7-form-control wpcf7-text contactinput\" id=\"baslangictarihi\" aria-invalid=\"false\" value=\"\" type=\"text\" name=\"text-0\" \/><\/span>\n\n \n<h4 class=\"b-baslik\">\u0130\u015f Deneyimleriniz <\/h4>\n\n<strong class=\"baslikk\">En son i\u015fyerinin ad\u0131\t<\/strong>\n<span class=\"wpcf7-form-control-wrap\" data-name=\"text-145\"><input size=\"40\" class=\"wpcf7-form-control wpcf7-text contactinput\" id=\"isyeriadi\" aria-invalid=\"false\" value=\"\" type=\"text\" name=\"text-145\" \/><\/span>\n<strong class=\"baslikk\">G\u00f6reviniz\t<\/strong>\n<span class=\"wpcf7-form-control-wrap\" data-name=\"text-222\"><input size=\"40\" class=\"wpcf7-form-control wpcf7-text contactinput\" id=\"gorevi\" aria-invalid=\"false\" value=\"\" type=\"text\" name=\"text-222\" \/><\/span>\n<strong class=\"baslikk\">Br\u00fct \u00dccret\t<\/strong>\n<span class=\"wpcf7-form-control-wrap\" data-name=\"text-447\"><input size=\"40\" class=\"wpcf7-form-control wpcf7-text contactinput\" id=\"ucret\" aria-invalid=\"false\" value=\"\" type=\"text\" name=\"text-447\" \/><\/span>\n<strong class=\"baslikk\">\u00c7al\u0131\u015fma D\u00f6nemi\t<\/strong>\n<span class=\"wpcf7-form-control-wrap\" data-name=\"text-491\"><input size=\"40\" class=\"wpcf7-form-control wpcf7-text contactinput\" id=\"calismadonemi\" aria-invalid=\"false\" value=\"\" type=\"text\" name=\"text-491\" \/><\/span>\n<strong class=\"baslikk\">Ayr\u0131l\u0131\u015f Nedeni\t<\/strong>\n<span class=\"wpcf7-form-control-wrap\" data-name=\"text-650\"><input size=\"40\" class=\"wpcf7-form-control wpcf7-text contactinput\" id=\"ayrilisnedeni\" aria-invalid=\"false\" value=\"\" type=\"text\" name=\"text-650\" \/><\/span>\n\n \n<h4 class=\"b-baslik\">Hakk\u0131n\u0131zda Bilgi Alabilece\u011fimiz Ki\u015filer <\/h4>\n\n<strong class=\"baslikk\">Ad\u0131 ve Soyad\u0131\t<\/strong>\n<span class=\"wpcf7-form-control-wrap\" data-name=\"text-733\"><input size=\"40\" class=\"wpcf7-form-control wpcf7-text contactinput\" id=\"refadsoyad\" aria-invalid=\"false\" value=\"\" type=\"text\" name=\"text-733\" \/><\/span>\n<strong class=\"baslikk\">Adresi\t<\/strong>\n<span class=\"wpcf7-form-control-wrap\" data-name=\"textarea-205\"><textarea cols=\"40\" rows=\"4\" class=\"wpcf7-form-control wpcf7-textarea new-mail\" id=\"refadres\" aria-invalid=\"false\" name=\"textarea-205\"><\/textarea><\/span>\n<strong class=\"baslikk\">Telefonu\t<\/strong>\n<span class=\"wpcf7-form-control-wrap\" data-name=\"text-726\"><input size=\"40\" class=\"wpcf7-form-control wpcf7-text contactinput\" id=\"reftel\" aria-invalid=\"false\" value=\"\" type=\"text\" name=\"text-726\" \/><\/span>\n<strong class=\"baslikk\">G\u00f6revi\t<\/strong>\n<span class=\"wpcf7-form-control-wrap\" data-name=\"text-820\"><input size=\"40\" class=\"wpcf7-form-control wpcf7-text contactinput\" id=\"refgorevi\" aria-invalid=\"false\" value=\"\" type=\"text\" name=\"text-820\" \/><\/span>\n\n<hr>\n<center><input class=\"wpcf7-form-control wpcf7-submit has-spinner\" type=\"submit\" value=\"G\u00f6nder\" \/><\/center><div class=\"wpcf7-response-output\" aria-hidden=\"true\"><\/div>\n<\/form>\n<\/div>\n\t\t\t\t<\/div>\r\n\t\t\t<\/div>\r\n\r\n\t\t\t\t<\/div>\n\t\t\t\t<\/div>\n\t\t\t\t<\/div>\n\t\t\t\t\t<\/div>\n\t\t\t\t<\/div>\n\t\t\t\t\t\t\t<\/div>\n\t\t","protected":false},"excerpt":{"rendered":"<p>\u0130\u015e BA\u015eVURU FORMU Ki\u015fisel Bilgileriniz Ad\u0131n\u0131z Soyad\u0131n\u0131z* Do\u011fum Tarihi* G\u00fcn12345678910111213141516171819202122232425262728293031 AyOcak\u015eubatMartNisanMay\u0131sHaziranTemmuzA\u011fustosEyl\u00fclEkimKas\u0131mAral\u0131k Y\u0131l200019991998199719961995199419931992199119901989198819871986198519841983198219811980197919781977197619751974197319721971197019691968196719661965196419631962196119601959195819571956195519541953195219511950 Do\u011fum Yeri* T.C Kimlik No* Cinsiyetiniz* Se\u00e7inizErkekBayan Medeni Hal* Se\u00e7inizBekarEvli Ehliyet (Tarih ve S\u0131n\u0131f)* Askerlik Durumu* Se\u00e7inizYap\u0131ld\u0131TecilliMuaf Ev Adresi* Telefon Numaras\u0131 Cep Telefonu* E-mail Adresi* Kan Grubunuz \u00d6\u011frenim Durumu ve Mesleki Bilgiler \u00d6\u011frenim durumunuz Se\u00e7iniz\u0130lkokulOrtaokulLiseY\u00fcksek Okul\u00dcniversiteY\u00fcksek Lisans En son bitirdi\u011finiz okulun ad\u0131 Mesle\u011finiz&#8230;<\/p>\n","protected":false},"author":1,"featured_media":0,"parent":0,"menu_order":0,"comment_status":"closed","ping_status":"closed","template":"template-builder.php","meta":{"_monsterinsights_skip_tracking":false,"_monsterinsights_sitenote_active":false,"_monsterinsights_sitenote_note":"","_monsterinsights_sitenote_category":0,"footnotes":""},"class_list":["post-41","page","type-page","status-publish","hentry"],"aioseo_notices":[],"_links":{"self":[{"href":"https:\/\/polikalip.com.tr\/index.php?rest_route=\/wp\/v2\/pages\/41","targetHints":{"allow":["GET"]}}],"collection":[{"href":"https:\/\/polikalip.com.tr\/index.php?rest_route=\/wp\/v2\/pages"}],"about":[{"href":"https:\/\/polikalip.com.tr\/index.php?rest_route=\/wp\/v2\/types\/page"}],"author":[{"embeddable":true,"href":"https:\/\/polikalip.com.tr\/index.php?rest_route=\/wp\/v2\/users\/1"}],"replies":[{"embeddable":true,"href":"https:\/\/polikalip.com.tr\/index.php?rest_route=%2Fwp%2Fv2%2Fcomments&post=41"}],"version-history":[{"count":7,"href":"https:\/\/polikalip.com.tr\/index.php?rest_route=\/wp\/v2\/pages\/41\/revisions"}],"predecessor-version":[{"id":2284,"href":"https:\/\/polikalip.com.tr\/index.php?rest_route=\/wp\/v2\/pages\/41\/revisions\/2284"}],"wp:attachment":[{"href":"https:\/\/polikalip.com.tr\/index.php?rest_route=%2Fwp%2Fv2%2Fmedia&parent=41"}],"curies":[{"name":"wp","href":"https:\/\/api.w.org\/{rel}","templated":true}]}}