{"id":2355,"date":"2023-10-01T21:09:32","date_gmt":"2023-10-01T21:09:32","guid":{"rendered":"https:\/\/polikalip.com.tr\/?post_type=product&#038;p=2355"},"modified":"2023-10-02T12:57:52","modified_gmt":"2023-10-02T12:57:52","slug":"dorse-yag-tanki","status":"publish","type":"product","link":"https:\/\/polikalip.com.tr\/?product=dorse-yag-tanki","title":{"rendered":"Dorse Ya\u011f Tank\u0131"},"content":{"rendered":"","protected":false},"excerpt":{"rendered":"<p>\u00dcr\u00fcn \u0130\u00e7in Fiyat Al\u0131n\u0131z<\/p>\n<p><img loading=\"lazy\" decoding=\"async\" class=\"alignnone  wp-image-2375\" src=\"https:\/\/polikalip.com.tr\/wp-content\/uploads\/2023\/10\/yagtankitablo-276x300.png\" alt=\"\" width=\"406\" height=\"441\" srcset=\"https:\/\/polikalip.com.tr\/wp-content\/uploads\/2023\/10\/yagtankitablo-276x300.png 276w, https:\/\/polikalip.com.tr\/wp-content\/uploads\/2023\/10\/yagtankitablo-600x652.png 600w, https:\/\/polikalip.com.tr\/wp-content\/uploads\/2023\/10\/yagtankitablo.png 629w\" sizes=\"auto, (max-width: 406px) 100vw, 406px\" \/><\/p>\n","protected":false},"featured_media":2356,"template":"","meta":{"_monsterinsights_skip_tracking":false,"_monsterinsights_sitenote_active":false,"_monsterinsights_sitenote_note":"","_monsterinsights_sitenote_category":0},"product_cat":[64],"product_tag":[],"class_list":{"0":"post-2355","1":"product","2":"type-product","3":"status-publish","4":"has-post-thumbnail","6":"product_cat-yag-tanklari","8":"first","9":"instock","10":"virtual","11":"product-type-simple"},"aioseo_notices":[],"_links":{"self":[{"href":"https:\/\/polikalip.com.tr\/index.php?rest_route=\/wp\/v2\/product\/2355","targetHints":{"allow":["GET"]}}],"collection":[{"href":"https:\/\/polikalip.com.tr\/index.php?rest_route=\/wp\/v2\/product"}],"about":[{"href":"https:\/\/polikalip.com.tr\/index.php?rest_route=\/wp\/v2\/types\/product"}],"wp:featuredmedia":[{"embeddable":true,"href":"https:\/\/polikalip.com.tr\/index.php?rest_route=\/wp\/v2\/media\/2356"}],"wp:attachment":[{"href":"https:\/\/polikalip.com.tr\/index.php?rest_route=%2Fwp%2Fv2%2Fmedia&parent=2355"}],"wp:term":[{"taxonomy":"product_cat","embeddable":true,"href":"https:\/\/polikalip.com.tr\/index.php?rest_route=%2Fwp%2Fv2%2Fproduct_cat&post=2355"},{"taxonomy":"product_tag","embeddable":true,"href":"https:\/\/polikalip.com.tr\/index.php?rest_route=%2Fwp%2Fv2%2Fproduct_tag&post=2355"}],"curies":[{"name":"wp","href":"https:\/\/api.w.org\/{rel}","templated":true}]}}