{"id":2366,"date":"2023-10-01T21:34:05","date_gmt":"2023-10-01T21:34:05","guid":{"rendered":"https:\/\/polikalip.com.tr\/?post_type=product&#038;p=2366"},"modified":"2023-10-01T21:44:35","modified_gmt":"2023-10-01T21:44:35","slug":"genlesme-tanki-silindirik-tip","status":"publish","type":"product","link":"https:\/\/polikalip.com.tr\/?product=genlesme-tanki-silindirik-tip","title":{"rendered":"Genle\u015fme Tank\u0131- Silindirik Tip"},"content":{"rendered":"","protected":false},"excerpt":{"rendered":"<p>\u00dcr\u00fcn \u0130\u00e7in Fiyat Al\u0131n\u0131z<\/p>\n<p><img loading=\"lazy\" decoding=\"async\" class=\"alignnone size-medium wp-image-2369\" src=\"https:\/\/polikalip.com.tr\/wp-content\/uploads\/2023\/10\/silindirik-tip-genlesme-tanki-1-300x246.jpg\" alt=\"\" width=\"300\" height=\"246\" srcset=\"https:\/\/polikalip.com.tr\/wp-content\/uploads\/2023\/10\/silindirik-tip-genlesme-tanki-1-300x246.jpg 300w, https:\/\/polikalip.com.tr\/wp-content\/uploads\/2023\/10\/silindirik-tip-genlesme-tanki-1.jpg 320w\" sizes=\"auto, (max-width: 300px) 100vw, 300px\" \/><\/p>\n","protected":false},"featured_media":2367,"template":"","meta":{"_monsterinsights_skip_tracking":false,"_monsterinsights_sitenote_active":false,"_monsterinsights_sitenote_note":"","_monsterinsights_sitenote_category":0},"product_cat":[65],"product_tag":[],"class_list":{"0":"post-2366","1":"product","2":"type-product","3":"status-publish","4":"has-post-thumbnail","6":"product_cat-genlesme-tanklari","8":"first","9":"instock","10":"virtual","11":"product-type-simple"},"aioseo_notices":[],"_links":{"self":[{"href":"https:\/\/polikalip.com.tr\/index.php?rest_route=\/wp\/v2\/product\/2366","targetHints":{"allow":["GET"]}}],"collection":[{"href":"https:\/\/polikalip.com.tr\/index.php?rest_route=\/wp\/v2\/product"}],"about":[{"href":"https:\/\/polikalip.com.tr\/index.php?rest_route=\/wp\/v2\/types\/product"}],"wp:featuredmedia":[{"embeddable":true,"href":"https:\/\/polikalip.com.tr\/index.php?rest_route=\/wp\/v2\/media\/2367"}],"wp:attachment":[{"href":"https:\/\/polikalip.com.tr\/index.php?rest_route=%2Fwp%2Fv2%2Fmedia&parent=2366"}],"wp:term":[{"taxonomy":"product_cat","embeddable":true,"href":"https:\/\/polikalip.com.tr\/index.php?rest_route=%2Fwp%2Fv2%2Fproduct_cat&post=2366"},{"taxonomy":"product_tag","embeddable":true,"href":"https:\/\/polikalip.com.tr\/index.php?rest_route=%2Fwp%2Fv2%2Fproduct_tag&post=2366"}],"curies":[{"name":"wp","href":"https:\/\/api.w.org\/{rel}","templated":true}]}}