{"id":2376,"date":"2023-10-02T12:59:49","date_gmt":"2023-10-02T12:59:49","guid":{"rendered":"https:\/\/polikalip.com.tr\/?post_type=product&#038;p=2376"},"modified":"2023-10-02T13:00:42","modified_gmt":"2023-10-02T13:00:42","slug":"yangin-dolabi","status":"publish","type":"product","link":"https:\/\/polikalip.com.tr\/?product=yangin-dolabi","title":{"rendered":"Yang\u0131n Dolab\u0131"},"content":{"rendered":"","protected":false},"excerpt":{"rendered":"<p>\u00dcr\u00fcn \u0130\u00e7in Fiyat Al\u0131n\u0131z<\/p>\n<p>&nbsp;<\/p>\n","protected":false},"featured_media":2377,"template":"","meta":{"_monsterinsights_skip_tracking":false,"_monsterinsights_sitenote_active":false,"_monsterinsights_sitenote_note":"","_monsterinsights_sitenote_category":0},"product_cat":[66],"product_tag":[],"class_list":{"0":"post-2376","1":"product","2":"type-product","3":"status-publish","4":"has-post-thumbnail","6":"product_cat-yangin-dolabi","8":"first","9":"instock","10":"virtual","11":"product-type-simple"},"aioseo_notices":[],"_links":{"self":[{"href":"https:\/\/polikalip.com.tr\/index.php?rest_route=\/wp\/v2\/product\/2376","targetHints":{"allow":["GET"]}}],"collection":[{"href":"https:\/\/polikalip.com.tr\/index.php?rest_route=\/wp\/v2\/product"}],"about":[{"href":"https:\/\/polikalip.com.tr\/index.php?rest_route=\/wp\/v2\/types\/product"}],"wp:featuredmedia":[{"embeddable":true,"href":"https:\/\/polikalip.com.tr\/index.php?rest_route=\/wp\/v2\/media\/2377"}],"wp:attachment":[{"href":"https:\/\/polikalip.com.tr\/index.php?rest_route=%2Fwp%2Fv2%2Fmedia&parent=2376"}],"wp:term":[{"taxonomy":"product_cat","embeddable":true,"href":"https:\/\/polikalip.com.tr\/index.php?rest_route=%2Fwp%2Fv2%2Fproduct_cat&post=2376"},{"taxonomy":"product_tag","embeddable":true,"href":"https:\/\/polikalip.com.tr\/index.php?rest_route=%2Fwp%2Fv2%2Fproduct_tag&post=2376"}],"curies":[{"name":"wp","href":"https:\/\/api.w.org\/{rel}","templated":true}]}}