{"id":2458,"date":"2023-10-18T18:08:30","date_gmt":"2023-10-18T18:08:30","guid":{"rendered":"https:\/\/polikalip.com.tr\/?post_type=product&#038;p=2458"},"modified":"2023-10-18T18:11:01","modified_gmt":"2023-10-18T18:11:01","slug":"2-tekerli-sase","status":"publish","type":"product","link":"https:\/\/polikalip.com.tr\/?product=2-tekerli-sase","title":{"rendered":"2 Tekerli \u015ease"},"content":{"rendered":"","protected":false},"excerpt":{"rendered":"<p>\u00dcr\u00fcn \u0130\u00e7in Fiyat Al\u0131n\u0131z<\/p>\n<p>&nbsp;<\/p>\n","protected":false},"featured_media":2459,"template":"","meta":{"_monsterinsights_skip_tracking":false,"_monsterinsights_sitenote_active":false,"_monsterinsights_sitenote_note":"","_monsterinsights_sitenote_category":0},"product_cat":[80],"product_tag":[],"class_list":{"0":"post-2458","1":"product","2":"type-product","3":"status-publish","4":"has-post-thumbnail","6":"product_cat-2-tekerli-sase","8":"first","9":"instock","10":"virtual","11":"product-type-simple"},"aioseo_notices":[],"_links":{"self":[{"href":"https:\/\/polikalip.com.tr\/index.php?rest_route=\/wp\/v2\/product\/2458","targetHints":{"allow":["GET"]}}],"collection":[{"href":"https:\/\/polikalip.com.tr\/index.php?rest_route=\/wp\/v2\/product"}],"about":[{"href":"https:\/\/polikalip.com.tr\/index.php?rest_route=\/wp\/v2\/types\/product"}],"wp:featuredmedia":[{"embeddable":true,"href":"https:\/\/polikalip.com.tr\/index.php?rest_route=\/wp\/v2\/media\/2459"}],"wp:attachment":[{"href":"https:\/\/polikalip.com.tr\/index.php?rest_route=%2Fwp%2Fv2%2Fmedia&parent=2458"}],"wp:term":[{"taxonomy":"product_cat","embeddable":true,"href":"https:\/\/polikalip.com.tr\/index.php?rest_route=%2Fwp%2Fv2%2Fproduct_cat&post=2458"},{"taxonomy":"product_tag","embeddable":true,"href":"https:\/\/polikalip.com.tr\/index.php?rest_route=%2Fwp%2Fv2%2Fproduct_tag&post=2458"}],"curies":[{"name":"wp","href":"https:\/\/api.w.org\/{rel}","templated":true}]}}